{"id":11947,"date":"2018-04-23T17:07:13","date_gmt":"2018-04-23T14:07:13","guid":{"rendered":"http:\/\/matkasport-blogi.vptest.ee\/?page_id=11947"},"modified":"2023-03-30T13:34:05","modified_gmt":"2023-03-30T10:34:05","slug":"vali-teema","status":"publish","type":"page","link":"https:\/\/matkasport.ee\/blogi\/vali-teema\/","title":{"rendered":"Vali teema"},"content":{"rendered":"<div class=\"fusion-fullwidth fullwidth-box fusion-builder-row-1 nonhundred-percent-fullwidth non-hundred-percent-height-scrolling\" style=\"--awb-border-radius-top-left:0px;--awb-border-radius-top-right:0px;--awb-border-radius-bottom-right:0px;--awb-border-radius-bottom-left:0px;--awb-flex-wrap:wrap;\" ><div class=\"fusion-builder-row fusion-row\"><div class=\"fusion-layout-column fusion_builder_column fusion-builder-column-0 fusion_builder_column_1_1 1_1 fusion-one-full fusion-column-first fusion-column-last\" style=\"--awb-bg-size:cover;\"><div class=\"fusion-column-wrapper fusion-flex-column-wrapper-legacy\"><div class=\"fusion-blog-shortcode fusion-blog-shortcode-1 fusion-blog-archive fusion-blog-layout-grid-wrapper fusion-blog-infinite\"><style type=\"text\/css\">.fusion-blog-shortcode-1 .fusion-blog-layout-grid .fusion-post-grid{padding:20px;}.fusion-blog-shortcode-1 .fusion-posts-container{margin-left: -20px !important; margin-right:-20px !important;}<\/style><div class=\"fusion-posts-container fusion-posts-container-infinite fusion-posts-container-load-more fusion-blog-layout-grid fusion-blog-layout-grid-2 isotope\" data-pages=\"100\" data-grid-col-space=\"40\" style=\"margin: -20px -20px 0;min-height:500px;\"><article id=\"blog-1-post-25316\" class=\"fusion-post-grid post-25316 post type-post status-publish format-standard has-post-thumbnail hentry category-gerber category-kamping category-leatherman category-magimatkamine category-matkamine category-multisport category-munkees category-nouanded category-victorinox tag-multitooriist\">\n<div class=\"fusion-post-wrapper\" style=\"background-color:rgba(255,255,255,0);border:1px solid #ebeaea;border-bottom-width:3px;\">\n\n\t\t\t<div class=\"fusion-flexslider flexslider fusion-flexslider-loading fusion-post-slideshow\" style=\"border-color:#ebeaea;\">\n\t\t<ul class=\"slides\">\n\t\t\t\n\t\t\t\t\t\t\t\t\t\t\t\t\t\t<li><div  class=\"fusion-image-wrapper\" aria-haspopup=\"true\">\n\t\t\t\t\t\t\t<a href=\"https:\/\/matkasport.ee\/blogi\/multitooriist-kuidas-valida-endale-sobiv-mudel\/\" aria-label=\"Multit\u00f6\u00f6riist: kuidas valida endale sobiv mudel?\">\n\t\t\t\t\t\t\t<img decoding=\"async\" width=\"765\" height=\"490\" src=\"https:\/\/matkasport.ee\/blogi\/wp-content\/uploads\/2026\/04\/Kuj.-Blogi-postituse-kaanepilt-765px-x-490px-koopia-11.png\" class=\"attachment-full size-full wp-post-image\" alt=\"Multit\u00f6\u00f6riist: kuidas valida endale sobiv mudel?\" srcset=\"https:\/\/matkasport.ee\/blogi\/wp-content\/uploads\/2026\/04\/Kuj.-Blogi-postituse-kaanepilt-765px-x-490px-koopia-11-200x128.png 200w, https:\/\/matkasport.ee\/blogi\/wp-content\/uploads\/2026\/04\/Kuj.-Blogi-postituse-kaanepilt-765px-x-490px-koopia-11-400x256.png 400w, https:\/\/matkasport.ee\/blogi\/wp-content\/uploads\/2026\/04\/Kuj.-Blogi-postituse-kaanepilt-765px-x-490px-koopia-11-600x384.png 600w, https:\/\/matkasport.ee\/blogi\/wp-content\/uploads\/2026\/04\/Kuj.-Blogi-postituse-kaanepilt-765px-x-490px-koopia-11.png 765w\" sizes=\"(min-width: 2200px) 100vw, (min-width: 732px) 630px, (min-width: 640px) 732px, \" \/>\t\t\t<\/a>\n\t\t\t\t\t\t\t<\/div>\n<\/li>\n\t\t\t\n\t\t\t\n\t\t\t\t\t\t\t\t\t\t\t\t\t\t\t\t\t\t\t\t\t\t\t\t\t\t\t\t\t\t\t\t\t\t\t\t\t\t\t\t\t\t\t\t\t\t\t\t\t\t\t\t\t\t\t\t\t\t\t\t\t\t\t\t\t\t\t\t<\/ul>\n\t<\/div>\n\t<div class=\"fusion-post-content-wrapper\" style=\"padding:30px 25px 20px 25px;\"><div class=\"fusion-post-content post-content\"><h2 class=\"blog-shortcode-post-title entry-title\"><a href=\"https:\/\/matkasport.ee\/blogi\/multitooriist-kuidas-valida-endale-sobiv-mudel\/\">Multit\u00f6\u00f6riist: kuidas valida endale sobiv mudel?<\/a><\/h2><div class=\"fusion-content-sep sep-double sep-solid\"><\/div><div class=\"fusion-post-content-container\"><p> Mis on multit\u00f6\u00f6riist ja kuidas valida endale sobiv mudel? Multit\u00f6\u00f6riist on kompaktne \u201ctaskut\u00f6\u00f6riistakast\u201d, mis \u00fchendab \u00fches seadmes palju t\u00f6\u00f6riistu. [...]<\/p><\/div><\/div><div class=\"fusion-meta-info\"><div class=\"fusion-alignleft\"><a class=\"fusion-read-more\" href=\"https:\/\/matkasport.ee\/blogi\/multitooriist-kuidas-valida-endale-sobiv-mudel\/\" aria-label=\"More on Multit\u00f6\u00f6riist: kuidas valida endale sobiv mudel?\">Loe edasi<\/a><\/div><\/div><\/div><div class=\"fusion-clearfix\"><\/div><\/div>\n<\/article>\n<article id=\"blog-1-post-25131\" class=\"fusion-post-grid post-25131 post type-post status-publish format-standard has-post-thumbnail hentry category-jalgsimatk category-madratsid category-magimatkamine category-matkamine category-nouanded category-therm-a-rest tag-matkamine\">\n<div class=\"fusion-post-wrapper\" style=\"background-color:rgba(255,255,255,0);border:1px solid #ebeaea;border-bottom-width:3px;\">\n\n\t\t\t<div class=\"fusion-flexslider flexslider fusion-flexslider-loading fusion-post-slideshow\" style=\"border-color:#ebeaea;\">\n\t\t<ul class=\"slides\">\n\t\t\t\n\t\t\t\t\t\t\t\t\t\t\t\t\t\t<li><div  class=\"fusion-image-wrapper\" aria-haspopup=\"true\">\n\t\t\t\t\t\t\t<a href=\"https:\/\/matkasport.ee\/blogi\/matkamadrats-kuidas-valida-sobiv-madrats-matkamiseks\/\" aria-label=\"Matkamadrats \u2013 kuidas valida sobiv madrats matkamiseks?\">\n\t\t\t\t\t\t\t<img decoding=\"async\" width=\"765\" height=\"490\" src=\"https:\/\/matkasport.ee\/blogi\/wp-content\/uploads\/2026\/01\/Kuj.-Blogi-postituse-kaanepilt-765px-x-490px-koopia-8.png\" class=\"attachment-full size-full wp-post-image\" alt=\"Matkamadratsite maailm on suur ja lai \u2013 kuidas selles orienteeruda? \/ MATKaBLOGI\" srcset=\"https:\/\/matkasport.ee\/blogi\/wp-content\/uploads\/2026\/01\/Kuj.-Blogi-postituse-kaanepilt-765px-x-490px-koopia-8-200x128.png 200w, https:\/\/matkasport.ee\/blogi\/wp-content\/uploads\/2026\/01\/Kuj.-Blogi-postituse-kaanepilt-765px-x-490px-koopia-8-400x256.png 400w, https:\/\/matkasport.ee\/blogi\/wp-content\/uploads\/2026\/01\/Kuj.-Blogi-postituse-kaanepilt-765px-x-490px-koopia-8-600x384.png 600w, https:\/\/matkasport.ee\/blogi\/wp-content\/uploads\/2026\/01\/Kuj.-Blogi-postituse-kaanepilt-765px-x-490px-koopia-8.png 765w\" sizes=\"(min-width: 2200px) 100vw, (min-width: 732px) 630px, (min-width: 640px) 732px, \" \/>\t\t\t<\/a>\n\t\t\t\t\t\t\t<\/div>\n<\/li>\n\t\t\t\n\t\t\t\n\t\t\t\t\t\t\t\t\t\t\t\t\t\t\t\t\t\t\t\t\t\t\t\t\t\t\t\t\t\t\t\t\t\t\t\t\t\t\t\t\t\t\t\t\t\t\t\t\t\t\t\t\t\t\t\t\t\t\t\t\t\t\t\t\t\t\t\t<\/ul>\n\t<\/div>\n\t<div class=\"fusion-post-content-wrapper\" style=\"padding:30px 25px 20px 25px;\"><div class=\"fusion-post-content post-content\"><h2 class=\"blog-shortcode-post-title entry-title\"><a href=\"https:\/\/matkasport.ee\/blogi\/matkamadrats-kuidas-valida-sobiv-madrats-matkamiseks\/\">Matkamadrats \u2013 kuidas valida sobiv madrats matkamiseks?<\/a><\/h2><div class=\"fusion-content-sep sep-double sep-solid\"><\/div><div class=\"fusion-post-content-container\"><p> Hea uni looduses algab \u00f5igesti valitud matkamadratsist. Talvine matkahooaeg on tulemas ja v\u00f5ib-olla on nii m\u00f5nelgi plaanis minna esimest [...]<\/p><\/div><\/div><div class=\"fusion-meta-info\"><div class=\"fusion-alignleft\"><a class=\"fusion-read-more\" href=\"https:\/\/matkasport.ee\/blogi\/matkamadrats-kuidas-valida-sobiv-madrats-matkamiseks\/\" aria-label=\"More on Matkamadrats \u2013 kuidas valida sobiv madrats matkamiseks?\">Loe edasi<\/a><\/div><\/div><\/div><div class=\"fusion-clearfix\"><\/div><\/div>\n<\/article>\n<article id=\"blog-1-post-25118\" class=\"fusion-post-grid post-25118 post type-post status-publish format-standard has-post-thumbnail hentry category-matkamine category-nouanded tag-matkamine tag-matkaseiklus tag-seikleja-soovitab\">\n<div class=\"fusion-post-wrapper\" style=\"background-color:rgba(255,255,255,0);border:1px solid #ebeaea;border-bottom-width:3px;\">\n\n\t\t\t<div class=\"fusion-flexslider flexslider fusion-flexslider-loading fusion-post-slideshow\" style=\"border-color:#ebeaea;\">\n\t\t<ul class=\"slides\">\n\t\t\t\n\t\t\t\t\t\t\t\t\t\t\t\t\t\t<li><div  class=\"fusion-image-wrapper\" aria-haspopup=\"true\">\n\t\t\t\t\t\t\t<a href=\"https:\/\/matkasport.ee\/blogi\/kulm-on-tulekul-kuidas-valida-sulejopet\/\" aria-label=\"K\u00fclm on tulekul &#8211; kuidas valida sulejopet?\">\n\t\t\t\t\t\t\t<img decoding=\"async\" width=\"765\" height=\"490\" src=\"https:\/\/matkasport.ee\/blogi\/wp-content\/uploads\/2025\/12\/Kuj.-Blogi-postituse-kaanepilt-765px-x-490px-koopia.png\" class=\"attachment-full size-full wp-post-image\" alt=\"K\u00fclm on tulekul - kuidas valida sulejopet? -Matkablogi\" srcset=\"https:\/\/matkasport.ee\/blogi\/wp-content\/uploads\/2025\/12\/Kuj.-Blogi-postituse-kaanepilt-765px-x-490px-koopia-200x128.png 200w, https:\/\/matkasport.ee\/blogi\/wp-content\/uploads\/2025\/12\/Kuj.-Blogi-postituse-kaanepilt-765px-x-490px-koopia-400x256.png 400w, https:\/\/matkasport.ee\/blogi\/wp-content\/uploads\/2025\/12\/Kuj.-Blogi-postituse-kaanepilt-765px-x-490px-koopia-600x384.png 600w, https:\/\/matkasport.ee\/blogi\/wp-content\/uploads\/2025\/12\/Kuj.-Blogi-postituse-kaanepilt-765px-x-490px-koopia.png 765w\" sizes=\"(min-width: 2200px) 100vw, (min-width: 732px) 630px, (min-width: 640px) 732px, \" \/>\t\t\t<\/a>\n\t\t\t\t\t\t\t<\/div>\n<\/li>\n\t\t\t\n\t\t\t\n\t\t\t\t\t\t\t\t\t\t\t\t\t\t\t\t\t\t\t\t\t\t\t\t\t\t\t\t\t\t\t\t\t\t\t\t\t\t\t\t\t\t\t\t\t\t\t\t\t\t\t\t\t\t\t\t\t\t\t\t\t\t\t\t\t\t\t\t<\/ul>\n\t<\/div>\n\t<div class=\"fusion-post-content-wrapper\" style=\"padding:30px 25px 20px 25px;\"><div class=\"fusion-post-content post-content\"><h2 class=\"blog-shortcode-post-title entry-title\"><a href=\"https:\/\/matkasport.ee\/blogi\/kulm-on-tulekul-kuidas-valida-sulejopet\/\">K\u00fclm on tulekul &#8211; kuidas valida sulejopet?<\/a><\/h2><div class=\"fusion-content-sep sep-double sep-solid\"><\/div><div class=\"fusion-post-content-container\"><p> Talvek\u00fclm on tulekul, ent k\u00fclma ilma t\u00f5eliseks nautimiseks peaks meie p\u00f5hjamaistes tingimustes kindlasti olemas olla \u00fcks lemmik-sulejope. K\u00f5ik sulejoped [...]<\/p><\/div><\/div><div class=\"fusion-meta-info\"><div class=\"fusion-alignleft\"><a class=\"fusion-read-more\" href=\"https:\/\/matkasport.ee\/blogi\/kulm-on-tulekul-kuidas-valida-sulejopet\/\" aria-label=\"More on K\u00fclm on tulekul &#8211; kuidas valida sulejopet?\">Loe edasi<\/a><\/div><\/div><\/div><div class=\"fusion-clearfix\"><\/div><\/div>\n<\/article>\n<article id=\"blog-1-post-25064\" class=\"fusion-post-grid post-25064 post type-post status-publish format-standard has-post-thumbnail hentry category-nouanded tag-matkaseiklus tag-seikleja-soovitab\">\n<div class=\"fusion-post-wrapper\" style=\"background-color:rgba(255,255,255,0);border:1px solid #ebeaea;border-bottom-width:3px;\">\n\n\t\t\t<div class=\"fusion-flexslider flexslider fusion-flexslider-loading fusion-post-slideshow\" style=\"border-color:#ebeaea;\">\n\t\t<ul class=\"slides\">\n\t\t\t\n\t\t\t\t\t\t\t\t\t\t\t\t\t\t<li><div  class=\"fusion-image-wrapper\" aria-haspopup=\"true\">\n\t\t\t\t\t\t\t<a href=\"https:\/\/matkasport.ee\/blogi\/matkaideid-neile-kellele-lihtsalt-viitade-jalgimisest-ei-piisa\/\" aria-label=\"Matkaideid neile, kellele lihtsalt viitade j\u00e4lgimisest ei piisa\">\n\t\t\t\t\t\t\t<img decoding=\"async\" width=\"765\" height=\"490\" src=\"https:\/\/matkasport.ee\/blogi\/wp-content\/uploads\/2025\/08\/Kuj.-Blogi-postituse-kaanepilt-765px-x-490px-koopia-6.png\" class=\"attachment-full size-full wp-post-image\" alt=\"Matkaideid neile, kellele lihtsalt viitade j\u00e4lgimisest ei piisa Blogilugu\" srcset=\"https:\/\/matkasport.ee\/blogi\/wp-content\/uploads\/2025\/08\/Kuj.-Blogi-postituse-kaanepilt-765px-x-490px-koopia-6-200x128.png 200w, https:\/\/matkasport.ee\/blogi\/wp-content\/uploads\/2025\/08\/Kuj.-Blogi-postituse-kaanepilt-765px-x-490px-koopia-6-400x256.png 400w, https:\/\/matkasport.ee\/blogi\/wp-content\/uploads\/2025\/08\/Kuj.-Blogi-postituse-kaanepilt-765px-x-490px-koopia-6-600x384.png 600w, https:\/\/matkasport.ee\/blogi\/wp-content\/uploads\/2025\/08\/Kuj.-Blogi-postituse-kaanepilt-765px-x-490px-koopia-6.png 765w\" sizes=\"(min-width: 2200px) 100vw, (min-width: 732px) 630px, (min-width: 640px) 732px, \" \/>\t\t\t<\/a>\n\t\t\t\t\t\t\t<\/div>\n<\/li>\n\t\t\t\n\t\t\t\n\t\t\t\t\t\t\t\t\t\t\t\t\t\t\t\t\t\t\t\t\t\t\t\t\t\t\t\t\t\t\t\t\t\t\t\t\t\t\t\t\t\t\t\t\t\t\t\t\t\t\t\t\t\t\t\t\t\t\t\t\t\t\t\t\t\t\t\t<\/ul>\n\t<\/div>\n\t<div class=\"fusion-post-content-wrapper\" style=\"padding:30px 25px 20px 25px;\"><div class=\"fusion-post-content post-content\"><h2 class=\"blog-shortcode-post-title entry-title\"><a href=\"https:\/\/matkasport.ee\/blogi\/matkaideid-neile-kellele-lihtsalt-viitade-jalgimisest-ei-piisa\/\">Matkaideid neile, kellele lihtsalt viitade j\u00e4lgimisest ei piisa<\/a><\/h2><div class=\"fusion-content-sep sep-double sep-solid\"><\/div><div class=\"fusion-post-content-container\"><p>V\u00f5ib-olla oled juba l\u00e4binud nii palju RMK viitadega m\u00e4rgistatud radu, et neist uuele matkale mineku motiveerimiseks enam ei piisa. Teinekord [...]<\/p><\/div><\/div><div class=\"fusion-meta-info\"><div class=\"fusion-alignleft\"><a class=\"fusion-read-more\" href=\"https:\/\/matkasport.ee\/blogi\/matkaideid-neile-kellele-lihtsalt-viitade-jalgimisest-ei-piisa\/\" aria-label=\"More on Matkaideid neile, kellele lihtsalt viitade j\u00e4lgimisest ei piisa\">Loe edasi<\/a><\/div><\/div><\/div><div class=\"fusion-clearfix\"><\/div><\/div>\n<\/article>\n<div class=\"fusion-clearfix\"><\/div><\/div><div class=\"fusion-infinite-scroll-trigger\"><\/div><div class=\"pagination infinite-scroll clearfix\" style=\"display:none;\"><span class=\"current\">1<\/span><a href=\"https:\/\/matkasport.ee\/blogi\/wp-json\/wp\/v2\/pages\/11947\/page\/2\/\" class=\"inactive\">2<\/a><a class=\"pagination-next\" rel=\"next\" href=\"https:\/\/matkasport.ee\/blogi\/wp-json\/wp\/v2\/pages\/11947\/page\/2\/\"><span class=\"page-text\">Next<\/span><span class=\"page-next\"><\/span><\/a><\/div><div class=\"fusion-clearfix\"><\/div><button class=\"fusion-load-more-button fusion-blog-button fusion-clearfix\">Lae veel postitusi<\/button><\/div><div class=\"fusion-clearfix\"><\/div><\/div><\/div><\/div><\/div>\n","protected":false},"excerpt":{"rendered":"","protected":false},"author":2,"featured_media":0,"parent":0,"menu_order":0,"comment_status":"closed","ping_status":"closed","template":"","meta":{"footnotes":""},"class_list":["post-11947","page","type-page","status-publish","hentry"],"yoast_head":"<!-- This site is optimized with the Yoast SEO plugin v27.0 - https:\/\/yoast.com\/product\/yoast-seo-wordpress\/ -->\n<title>Vali teema | MATKaBLOGI<\/title>\n<meta name=\"description\" content=\"Matka- ja seiklusjutud, n\u00f5uanded, valdkonna v\u00e4rskeimad uudised ning &#039;karbist v\u00e4lja&#039; ehk tooteid tutvustavad lood ja videod. Tutvu l\u00e4hemalt!\" \/>\n<meta name=\"robots\" content=\"index, follow, max-snippet:-1, max-image-preview:large, max-video-preview:-1\" \/>\n<link rel=\"canonical\" href=\"https:\/\/matkasport.ee\/blogi\/vali-teema\/\" \/>\n<meta property=\"og:locale\" content=\"et_EE\" \/>\n<meta property=\"og:type\" content=\"article\" \/>\n<meta property=\"og:title\" content=\"Vali teema | MATKaBLOGI\" \/>\n<meta property=\"og:description\" content=\"Matka- ja seiklusjutud, n\u00f5uanded, valdkonna v\u00e4rskeimad uudised ning &#039;karbist v\u00e4lja&#039; ehk tooteid tutvustavad lood ja videod. Tutvu l\u00e4hemalt!\" \/>\n<meta property=\"og:url\" content=\"https:\/\/matkasport.ee\/blogi\/vali-teema\/\" \/>\n<meta property=\"og:site_name\" content=\"MATKaBLOGI\" \/>\n<meta property=\"article:publisher\" content=\"https:\/\/www.facebook.com\/MATKaSPORT\" \/>\n<meta property=\"article:modified_time\" content=\"2023-03-30T10:34:05+00:00\" \/>\n<meta name=\"twitter:card\" content=\"summary_large_image\" \/>\n<meta name=\"twitter:label1\" content=\"Est. reading time\" \/>\n\t<meta name=\"twitter:data1\" content=\"1 minut\" \/>\n<script type=\"application\/ld+json\" class=\"yoast-schema-graph\">{\"@context\":\"https:\/\/schema.org\",\"@graph\":[{\"@type\":\"WebPage\",\"@id\":\"https:\/\/matkasport.ee\/blogi\/vali-teema\/\",\"url\":\"https:\/\/matkasport.ee\/blogi\/vali-teema\/\",\"name\":\"Vali teema | MATKaBLOGI\",\"isPartOf\":{\"@id\":\"https:\/\/matkasport.ee\/blogi\/#website\"},\"datePublished\":\"2018-04-23T14:07:13+00:00\",\"dateModified\":\"2023-03-30T10:34:05+00:00\",\"description\":\"Matka- ja seiklusjutud, n\u00f5uanded, valdkonna v\u00e4rskeimad uudised ning 'karbist v\u00e4lja' ehk tooteid tutvustavad lood ja videod. Tutvu l\u00e4hemalt!\",\"breadcrumb\":{\"@id\":\"https:\/\/matkasport.ee\/blogi\/vali-teema\/#breadcrumb\"},\"inLanguage\":\"et\",\"potentialAction\":[{\"@type\":\"ReadAction\",\"target\":[\"https:\/\/matkasport.ee\/blogi\/vali-teema\/\"]}]},{\"@type\":\"BreadcrumbList\",\"@id\":\"https:\/\/matkasport.ee\/blogi\/vali-teema\/#breadcrumb\",\"itemListElement\":[{\"@type\":\"ListItem\",\"position\":1,\"name\":\"Home\",\"item\":\"https:\/\/matkasport.ee\/blogi\/\"},{\"@type\":\"ListItem\",\"position\":2,\"name\":\"Vali teema\"}]},{\"@type\":\"WebSite\",\"@id\":\"https:\/\/matkasport.ee\/blogi\/#website\",\"url\":\"https:\/\/matkasport.ee\/blogi\/\",\"name\":\"MATKaBLOGI\",\"description\":\"MATKaBLOGIS jagavad kogemusi ja n\u00f5uanded matkajad matkajatele\",\"publisher\":{\"@id\":\"https:\/\/matkasport.ee\/blogi\/#organization\"},\"potentialAction\":[{\"@type\":\"SearchAction\",\"target\":{\"@type\":\"EntryPoint\",\"urlTemplate\":\"https:\/\/matkasport.ee\/blogi\/?s={search_term_string}\"},\"query-input\":{\"@type\":\"PropertyValueSpecification\",\"valueRequired\":true,\"valueName\":\"search_term_string\"}}],\"inLanguage\":\"et\"},{\"@type\":\"Organization\",\"@id\":\"https:\/\/matkasport.ee\/blogi\/#organization\",\"name\":\"MATKaSPORT\",\"url\":\"https:\/\/matkasport.ee\/blogi\/\",\"logo\":{\"@type\":\"ImageObject\",\"inLanguage\":\"et\",\"@id\":\"https:\/\/matkasport.ee\/blogi\/#\/schema\/logo\/image\/\",\"url\":\"https:\/\/matkasport.ee\/blogi\/wp-content\/uploads\/2025\/01\/MATKASPORTlogo-133.png\",\"contentUrl\":\"https:\/\/matkasport.ee\/blogi\/wp-content\/uploads\/2025\/01\/MATKASPORTlogo-133.png\",\"width\":133,\"height\":50,\"caption\":\"MATKaSPORT\"},\"image\":{\"@id\":\"https:\/\/matkasport.ee\/blogi\/#\/schema\/logo\/image\/\"},\"sameAs\":[\"https:\/\/www.facebook.com\/MATKaSPORT\"]}]}<\/script>\n<!-- \/ Yoast SEO plugin. -->","yoast_head_json":{"title":"Vali teema | MATKaBLOGI","description":"Matka- ja seiklusjutud, n\u00f5uanded, valdkonna v\u00e4rskeimad uudised ning 'karbist v\u00e4lja' ehk tooteid tutvustavad lood ja videod. Tutvu l\u00e4hemalt!","robots":{"index":"index","follow":"follow","max-snippet":"max-snippet:-1","max-image-preview":"max-image-preview:large","max-video-preview":"max-video-preview:-1"},"canonical":"https:\/\/matkasport.ee\/blogi\/vali-teema\/","og_locale":"et_EE","og_type":"article","og_title":"Vali teema | MATKaBLOGI","og_description":"Matka- ja seiklusjutud, n\u00f5uanded, valdkonna v\u00e4rskeimad uudised ning 'karbist v\u00e4lja' ehk tooteid tutvustavad lood ja videod. Tutvu l\u00e4hemalt!","og_url":"https:\/\/matkasport.ee\/blogi\/vali-teema\/","og_site_name":"MATKaBLOGI","article_publisher":"https:\/\/www.facebook.com\/MATKaSPORT","article_modified_time":"2023-03-30T10:34:05+00:00","twitter_card":"summary_large_image","twitter_misc":{"Est. reading time":"1 minut"},"schema":{"@context":"https:\/\/schema.org","@graph":[{"@type":"WebPage","@id":"https:\/\/matkasport.ee\/blogi\/vali-teema\/","url":"https:\/\/matkasport.ee\/blogi\/vali-teema\/","name":"Vali teema | MATKaBLOGI","isPartOf":{"@id":"https:\/\/matkasport.ee\/blogi\/#website"},"datePublished":"2018-04-23T14:07:13+00:00","dateModified":"2023-03-30T10:34:05+00:00","description":"Matka- ja seiklusjutud, n\u00f5uanded, valdkonna v\u00e4rskeimad uudised ning 'karbist v\u00e4lja' ehk tooteid tutvustavad lood ja videod. Tutvu l\u00e4hemalt!","breadcrumb":{"@id":"https:\/\/matkasport.ee\/blogi\/vali-teema\/#breadcrumb"},"inLanguage":"et","potentialAction":[{"@type":"ReadAction","target":["https:\/\/matkasport.ee\/blogi\/vali-teema\/"]}]},{"@type":"BreadcrumbList","@id":"https:\/\/matkasport.ee\/blogi\/vali-teema\/#breadcrumb","itemListElement":[{"@type":"ListItem","position":1,"name":"Home","item":"https:\/\/matkasport.ee\/blogi\/"},{"@type":"ListItem","position":2,"name":"Vali teema"}]},{"@type":"WebSite","@id":"https:\/\/matkasport.ee\/blogi\/#website","url":"https:\/\/matkasport.ee\/blogi\/","name":"MATKaBLOGI","description":"MATKaBLOGIS jagavad kogemusi ja n\u00f5uanded matkajad matkajatele","publisher":{"@id":"https:\/\/matkasport.ee\/blogi\/#organization"},"potentialAction":[{"@type":"SearchAction","target":{"@type":"EntryPoint","urlTemplate":"https:\/\/matkasport.ee\/blogi\/?s={search_term_string}"},"query-input":{"@type":"PropertyValueSpecification","valueRequired":true,"valueName":"search_term_string"}}],"inLanguage":"et"},{"@type":"Organization","@id":"https:\/\/matkasport.ee\/blogi\/#organization","name":"MATKaSPORT","url":"https:\/\/matkasport.ee\/blogi\/","logo":{"@type":"ImageObject","inLanguage":"et","@id":"https:\/\/matkasport.ee\/blogi\/#\/schema\/logo\/image\/","url":"https:\/\/matkasport.ee\/blogi\/wp-content\/uploads\/2025\/01\/MATKASPORTlogo-133.png","contentUrl":"https:\/\/matkasport.ee\/blogi\/wp-content\/uploads\/2025\/01\/MATKASPORTlogo-133.png","width":133,"height":50,"caption":"MATKaSPORT"},"image":{"@id":"https:\/\/matkasport.ee\/blogi\/#\/schema\/logo\/image\/"},"sameAs":["https:\/\/www.facebook.com\/MATKaSPORT"]}]}},"post_mailing_queue_ids":[],"_links":{"self":[{"href":"https:\/\/matkasport.ee\/blogi\/wp-json\/wp\/v2\/pages\/11947","targetHints":{"allow":["GET"]}}],"collection":[{"href":"https:\/\/matkasport.ee\/blogi\/wp-json\/wp\/v2\/pages"}],"about":[{"href":"https:\/\/matkasport.ee\/blogi\/wp-json\/wp\/v2\/types\/page"}],"author":[{"embeddable":true,"href":"https:\/\/matkasport.ee\/blogi\/wp-json\/wp\/v2\/users\/2"}],"replies":[{"embeddable":true,"href":"https:\/\/matkasport.ee\/blogi\/wp-json\/wp\/v2\/comments?post=11947"}],"version-history":[{"count":6,"href":"https:\/\/matkasport.ee\/blogi\/wp-json\/wp\/v2\/pages\/11947\/revisions"}],"predecessor-version":[{"id":13187,"href":"https:\/\/matkasport.ee\/blogi\/wp-json\/wp\/v2\/pages\/11947\/revisions\/13187"}],"wp:attachment":[{"href":"https:\/\/matkasport.ee\/blogi\/wp-json\/wp\/v2\/media?parent=11947"}],"curies":[{"name":"wp","href":"https:\/\/api.w.org\/{rel}","templated":true}]}}